{"id":2844,"date":"2024-02-20T22:42:28","date_gmt":"2024-02-21T03:42:28","guid":{"rendered":"https:\/\/climatlegal.com\/?page_id=2844"},"modified":"2024-02-29T12:09:14","modified_gmt":"2024-02-29T17:09:14","slug":"elementor-2844","status":"publish","type":"page","link":"https:\/\/climatlegal.com\/fr\/elementor-2844\/","title":{"rendered":"La bo\u00eete \u00e0 outils"},"content":{"rendered":"<div data-elementor-type=\"wp-page\" data-elementor-id=\"2844\" class=\"elementor elementor-2844\">\n\t\t\t\t<div class=\"elementor-element elementor-element-57101d3b e-con-full e-flex e-con e-parent\" data-id=\"57101d3b\" data-element_type=\"container\" data-settings=\"{&quot;background_background&quot;:&quot;gradient&quot;,&quot;jet_parallax_layout_list&quot;:[]}\">\n\t\t<div class=\"elementor-element elementor-element-1e2c3ce3 e-con-full e-flex e-con e-child\" data-id=\"1e2c3ce3\" data-element_type=\"container\" data-settings=\"{&quot;background_background&quot;:&quot;gradient&quot;,&quot;jet_parallax_layout_list&quot;:[]}\">\n\t\t<div class=\"elementor-element elementor-element-38bb17d9 e-flex e-con-boxed e-con e-child\" data-id=\"38bb17d9\" data-element_type=\"container\" data-settings=\"{&quot;jet_parallax_layout_list&quot;:[]}\">\n\t\t\t\t\t<div class=\"e-con-inner\">\n\t\t<div class=\"elementor-element elementor-element-28792b12 e-flex e-con-boxed e-con e-child\" data-id=\"28792b12\" data-element_type=\"container\" data-settings=\"{&quot;jet_parallax_layout_list&quot;:[]}\">\n\t\t\t\t\t<div class=\"e-con-inner\">\n\t\t\t\t<div class=\"elementor-element elementor-element-1accc98d elementor-widget elementor-widget-image\" data-id=\"1accc98d\" data-element_type=\"widget\" data-widget_type=\"image.default\">\n\t\t\t\t<div class=\"elementor-widget-container\">\n\t\t\t\t\t\t\t\t\t\t\t\t\t\t\t<img decoding=\"async\" width=\"300\" height=\"73\" src=\"https:\/\/climatlegal.com\/wp-content\/uploads\/2023\/12\/Climat_LightPink-300x73.png\" class=\"attachment-medium size-medium wp-image-2649\" alt=\"\" srcset=\"https:\/\/climatlegal.com\/wp-content\/uploads\/2023\/12\/Climat_LightPink-300x73.png 300w, https:\/\/climatlegal.com\/wp-content\/uploads\/2023\/12\/Climat_LightPink-1024x250.png 1024w, https:\/\/climatlegal.com\/wp-content\/uploads\/2023\/12\/Climat_LightPink-768x187.png 768w, https:\/\/climatlegal.com\/wp-content\/uploads\/2023\/12\/Climat_LightPink-1536x375.png 1536w, https:\/\/climatlegal.com\/wp-content\/uploads\/2023\/12\/Climat_LightPink-2048x500.png 2048w, https:\/\/climatlegal.com\/wp-content\/uploads\/2023\/12\/Climat_LightPink-18x4.png 18w\" sizes=\"(max-width: 300px) 100vw, 300px\" \/>\t\t\t\t\t\t\t\t\t\t\t\t\t\t\t<\/div>\n\t\t\t\t<\/div>\n\t\t\t\t<div class=\"elementor-element elementor-element-2e56de14 elementor-absolute elementor-hidden-tablet elementor-hidden-mobile elementor-widget elementor-widget-shortcode\" data-id=\"2e56de14\" data-element_type=\"widget\" data-settings=\"{&quot;_position&quot;:&quot;absolute&quot;}\" data-widget_type=\"shortcode.default\">\n\t\t\t\t<div class=\"elementor-widget-container\">\n\t\t\t\t\t\t\t<div class=\"elementor-shortcode\"><div class=\"trp_language_switcher_shortcode\">\n<div class=\"trp-language-switcher trp-language-switcher-container\" data-no-translation>\n    <div class=\"trp-ls-shortcode-current-language\">\n        <a href=\"#\" class=\"trp-ls-shortcode-disabled-language trp-ls-disabled-language\" title=\"English\" onclick=\"event.preventDefault()\">\n\t\t\t EN_CA\t\t<\/a>\n    <\/div>\n    <div class=\"trp-ls-shortcode-language\">\n                    <a href=\"https:\/\/climatlegal.com\/fr\/wp-json\/wp\/v2\/pages\/2844\" title=\"English\">\n             EN_CA        <\/a>\n\n        <\/div>\n    <script type=\"application\/javascript\">\n        \/\/ need to have the same with set from JS on both divs. Otherwise it can push stuff around in HTML\n        var trp_ls_shortcodes = document.querySelectorAll('.trp_language_switcher_shortcode .trp-language-switcher');\n        if ( trp_ls_shortcodes.length > 0) {\n            \/\/ get the last language switcher added\n            var trp_el = trp_ls_shortcodes[trp_ls_shortcodes.length - 1];\n\n            var trp_shortcode_language_item = trp_el.querySelector( '.trp-ls-shortcode-language' )\n            \/\/ set width\n            var trp_ls_shortcode_width                                               = trp_shortcode_language_item.offsetWidth + 16;\n            trp_shortcode_language_item.style.width                                  = trp_ls_shortcode_width + 'px';\n            trp_el.querySelector( '.trp-ls-shortcode-current-language' ).style.width = trp_ls_shortcode_width + 'px';\n\n            \/\/ We're putting this on display: none after we have its width.\n            trp_shortcode_language_item.style.display = 'none';\n        }\n    <\/script>\n<\/div>\n<\/div><\/div>\n\t\t\t\t\t\t<\/div>\n\t\t\t\t<\/div>\n\t\t\t\t\t<\/div>\n\t\t\t\t<\/div>\n\t\t\t\t<div class=\"elementor-element elementor-element-2b011290 elementor-widget__width-initial elementor-widget elementor-widget-heading\" data-id=\"2b011290\" data-element_type=\"widget\" data-widget_type=\"heading.default\">\n\t\t\t\t<div class=\"elementor-widget-container\">\n\t\t\t\t\t<h1 class=\"elementor-heading-title elementor-size-default\">Notre r\u00e9ponse personnalis\u00e9e \u00e0 tous vos besoins <\/h1>\t\t\t\t<\/div>\n\t\t\t\t<\/div>\n\t\t\t\t<div class=\"elementor-element elementor-element-243fd544 jet-nav-align-space-between elementor-widget__width-inherit elementor-hidden-tablet elementor-hidden-mobile elementor-widget elementor-widget-jet-nav-menu\" data-id=\"243fd544\" data-element_type=\"widget\" data-widget_type=\"jet-nav-menu.default\">\n\t\t\t\t<div class=\"elementor-widget-container\">\n\t\t\t\t\t<nav class=\"jet-nav-wrap m-layout-mobile\"><div class=\"menu-main-menu-en-container\"><div class=\"jet-nav m-layout-mobile jet-nav--horizontal\"><div class=\"menu-item menu-item-type-post_type menu-item-object-page menu-item-home jet-nav__item-214 jet-nav__item\"><a href=\"https:\/\/climatlegal.com\/fr\/\" class=\"menu-item-link menu-item-link-depth-0 menu-item-link-top\"><span class=\"jet-nav-link-text\">Accueil<\/span><\/a><\/div>\n<div class=\"menu-item menu-item-type-post_type menu-item-object-page jet-nav__item-215 jet-nav__item\"><a href=\"https:\/\/climatlegal.com\/fr\/our-services\/\" class=\"menu-item-link menu-item-link-depth-0 menu-item-link-top\"><span class=\"jet-nav-link-text\">Services<\/span><\/a><\/div>\n<div class=\"menu-item menu-item-type-post_type menu-item-object-page jet-nav__item-2852 jet-nav__item\"><a href=\"https:\/\/climatlegal.com\/fr\/elementor-2844\/\" class=\"menu-item-link menu-item-link-depth-0 menu-item-link-top\"><span class=\"jet-nav-link-text\">La bo\u00eete \u00e0 outils<\/span><\/a><\/div>\n<div class=\"menu-item menu-item-type-post_type menu-item-object-page jet-nav__item-191 jet-nav__item\"><a href=\"https:\/\/climatlegal.com\/fr\/our-approach\/\" class=\"menu-item-link menu-item-link-depth-0 menu-item-link-top\"><span class=\"jet-nav-link-text\">\u00c0 propos<\/span><\/a><\/div>\n<div class=\"menu-item menu-item-type-post_type menu-item-object-page jet-nav__item-190 jet-nav__item\"><a href=\"https:\/\/climatlegal.com\/fr\/team\/\" class=\"menu-item-link menu-item-link-depth-0 menu-item-link-top\"><span class=\"jet-nav-link-text\">\u00c9quipe<\/span><\/a><\/div>\n<div class=\"menu-item menu-item-type-post_type menu-item-object-page jet-nav__item-192 jet-nav__item\"><a href=\"https:\/\/climatlegal.com\/fr\/contact\/\" class=\"menu-item-link menu-item-link-depth-0 menu-item-link-top\"><span class=\"jet-nav-link-text\">Contact<\/span><\/a><\/div>\n<\/div><\/div><\/nav>\t\t\t\t<\/div>\n\t\t\t\t<\/div>\n\t\t\t\t\t<\/div>\n\t\t\t\t<\/div>\n\t\t\t\t<\/div>\n\t\t\t\t<\/div>\n\t\t<div class=\"elementor-element elementor-element-6a47bffc e-flex e-con-boxed e-con e-parent\" data-id=\"6a47bffc\" data-element_type=\"container\" id=\"workplace\" data-settings=\"{&quot;background_background&quot;:&quot;classic&quot;,&quot;jet_parallax_layout_list&quot;:[]}\">\n\t\t\t\t\t<div class=\"e-con-inner\">\n\t\t<div class=\"elementor-element elementor-element-b8b1d2e e-con-full e-flex e-con e-child\" data-id=\"b8b1d2e\" data-element_type=\"container\" data-settings=\"{&quot;jet_parallax_layout_list&quot;:[]}\">\n\t\t\t\t<div class=\"elementor-element elementor-element-28ced2e elementor-widget elementor-widget-image\" data-id=\"28ced2e\" data-element_type=\"widget\" data-widget_type=\"image.default\">\n\t\t\t\t<div class=\"elementor-widget-container\">\n\t\t\t\t\t\t\t\t\t\t\t\t\t\t\t<img fetchpriority=\"high\" decoding=\"async\" width=\"368\" height=\"457\" src=\"https:\/\/climatlegal.com\/wp-content\/uploads\/2023\/11\/3d-construction-abstract-composition-with-glass-objects-1.png\" class=\"attachment-large size-large wp-image-967\" alt=\"\" srcset=\"https:\/\/climatlegal.com\/wp-content\/uploads\/2023\/11\/3d-construction-abstract-composition-with-glass-objects-1.png 368w, https:\/\/climatlegal.com\/wp-content\/uploads\/2023\/11\/3d-construction-abstract-composition-with-glass-objects-1-242x300.png 242w\" sizes=\"(max-width: 368px) 100vw, 368px\" \/>\t\t\t\t\t\t\t\t\t\t\t\t\t\t\t<\/div>\n\t\t\t\t<\/div>\n\t\t\t\t<\/div>\n\t\t<div class=\"elementor-element elementor-element-3edba61b e-con-full e-flex e-con e-child\" data-id=\"3edba61b\" data-element_type=\"container\" data-settings=\"{&quot;jet_parallax_layout_list&quot;:[]}\">\n\t\t\t\t<div class=\"elementor-element elementor-element-75e8a2a3 elementor-widget elementor-widget-heading\" data-id=\"75e8a2a3\" data-element_type=\"widget\" data-widget_type=\"heading.default\">\n\t\t\t\t<div class=\"elementor-widget-container\">\n\t\t\t\t\t<h3 class=\"elementor-heading-title elementor-size-default\">La bo\u00eete \u00e0 outils<\/h3>\t\t\t\t<\/div>\n\t\t\t\t<\/div>\n\t\t\t\t<div class=\"elementor-element elementor-element-4f2a66b1 elementor-widget elementor-widget-text-editor\" data-id=\"4f2a66b1\" data-element_type=\"widget\" data-widget_type=\"text-editor.default\">\n\t\t\t\t<div class=\"elementor-widget-container\">\n\t\t\t\t\t\t\t\t\t<p class=\"translation-block\">Climat propose une bo\u00eete \u00e0 outils accessible et personnalis\u00e9e comprenant des ressources et des services pour r\u00e9pondre \u00e0 vos besoins.<\/p>\t\t\t\t\t\t\t\t<\/div>\n\t\t\t\t<\/div>\n\t\t<div class=\"elementor-element elementor-element-da1753b e-con-full e-flex e-con e-child\" data-id=\"da1753b\" data-element_type=\"container\" data-settings=\"{&quot;jet_parallax_layout_list&quot;:[],&quot;background_background&quot;:&quot;classic&quot;}\">\n\t\t\t\t<div class=\"elementor-element elementor-element-2ce97a9 elementor-widget elementor-widget-heading\" data-id=\"2ce97a9\" data-element_type=\"widget\" data-widget_type=\"heading.default\">\n\t\t\t\t<div class=\"elementor-widget-container\">\n\t\t\t\t\t<h2 class=\"elementor-heading-title elementor-size-default\">La bo\u00eete \u00e0 outil peut comprendre:<\/h2>\t\t\t\t<\/div>\n\t\t\t\t<\/div>\n\t\t\t\t<div class=\"elementor-element elementor-element-6966fbf elementor-widget elementor-widget-text-editor\" data-id=\"6966fbf\" data-element_type=\"widget\" data-widget_type=\"text-editor.default\">\n\t\t\t\t<div class=\"elementor-widget-container\">\n\t\t\t\t\t\t\t\t\t<ul><li><span data-contrast=\"auto\">Une \u00e9valuation initiale de vos besoins\u00a0<\/span><span data-ccp-props=\"{&quot;201341983&quot;:0,&quot;335559740&quot;:259}\">\u00a0<\/span><\/li><li><span data-contrast=\"auto\">Du mat\u00e9riel de communications\u00a0<\/span><span data-ccp-props=\"{&quot;201341983&quot;:0,&quot;335559740&quot;:259}\">\u00a0<\/span><\/li><li><span data-contrast=\"auto\">Des consultations cibl\u00e9es aupr\u00e8s de vos \u00e9quipes et l\u2019analyse de r\u00e9sultats<\/span><span data-ccp-props=\"{&quot;201341983&quot;:0,&quot;335559740&quot;:259}\">\u00a0<\/span><\/li><li><span data-contrast=\"auto\">Un plan d'action individualis\u00e9<\/span><span data-ccp-props=\"{&quot;201341983&quot;:0,&quot;335559740&quot;:259}\">\u00a0<\/span><\/li><li><span data-contrast=\"auto\">Des formations adapt\u00e9es \u00e0 vos besoins\u00a0<\/span><span data-ccp-props=\"{&quot;201341983&quot;:0,&quot;335559740&quot;:259}\">\u00a0<\/span><\/li><\/ul>\t\t\t\t\t\t\t\t<\/div>\n\t\t\t\t<\/div>\n\t\t\t\t<\/div>\n\t\t\t\t<div class=\"elementor-element elementor-element-a61d27f elementor-widget elementor-widget-text-editor\" data-id=\"a61d27f\" data-element_type=\"widget\" data-widget_type=\"text-editor.default\">\n\t\t\t\t<div class=\"elementor-widget-container\">\n\t\t\t\t\t\t\t\t\t<p class=\"translation-block\">La bo\u00eete \u00e0 outils est propos\u00e9e \u00e0 un prix fixe, en fonction de la taille de votre organisation et des services que vous choisissez d'inclure.<\/p>\t\t\t\t\t\t\t\t<\/div>\n\t\t\t\t<\/div>\n\t\t\t\t<div class=\"elementor-element elementor-element-67206ed6 elementor-align-left elementor-mobile-align-center elementor-widget elementor-widget-button\" data-id=\"67206ed6\" data-element_type=\"widget\" data-widget_type=\"button.default\">\n\t\t\t\t<div class=\"elementor-widget-container\">\n\t\t\t\t\t\t\t\t\t<div class=\"elementor-button-wrapper\">\n\t\t\t\t\t<a class=\"elementor-button elementor-button-link elementor-size-sm\" href=\"https:\/\/climatlegal.com\/fr\/contact\/\">\n\t\t\t\t\t\t<span class=\"elementor-button-content-wrapper\">\n\t\t\t\t\t\t\t\t\t<span class=\"elementor-button-text\">Contactez-nous pour plus d\u2019informations<\/span>\n\t\t\t\t\t<\/span>\n\t\t\t\t\t<\/a>\n\t\t\t\t<\/div>\n\t\t\t\t\t\t\t\t<\/div>\n\t\t\t\t<\/div>\n\t\t\t\t<\/div>\n\t\t\t\t\t<\/div>\n\t\t\t\t<\/div>\n\t\t\t\t<\/div>","protected":false},"excerpt":{"rendered":"<p>Our personalized response to all your needs Home Services The Toolbox About Us Team Contact The Toolbox Climat offers an accessible and personalized a toolbox of resources and services to meet your needs.\u00a0 This Toolbox can include: An initial needs and compliance assessment\u00a0\u00a0 Communication materials\u00a0\u00a0 Surveys and data analysis\u00a0 A customized action plan\u00a0 Specific training [&hellip;]<\/p>","protected":false},"author":2,"featured_media":0,"parent":0,"menu_order":0,"comment_status":"closed","ping_status":"closed","template":"elementor_header_footer","meta":{"footnotes":""},"class_list":["post-2844","page","type-page","status-publish","hentry"],"blocksy_meta":[],"_links":{"self":[{"href":"https:\/\/climatlegal.com\/fr\/wp-json\/wp\/v2\/pages\/2844","targetHints":{"allow":["GET"]}}],"collection":[{"href":"https:\/\/climatlegal.com\/fr\/wp-json\/wp\/v2\/pages"}],"about":[{"href":"https:\/\/climatlegal.com\/fr\/wp-json\/wp\/v2\/types\/page"}],"author":[{"embeddable":true,"href":"https:\/\/climatlegal.com\/fr\/wp-json\/wp\/v2\/users\/2"}],"replies":[{"embeddable":true,"href":"https:\/\/climatlegal.com\/fr\/wp-json\/wp\/v2\/comments?post=2844"}],"version-history":[{"count":10,"href":"https:\/\/climatlegal.com\/fr\/wp-json\/wp\/v2\/pages\/2844\/revisions"}],"predecessor-version":[{"id":3163,"href":"https:\/\/climatlegal.com\/fr\/wp-json\/wp\/v2\/pages\/2844\/revisions\/3163"}],"wp:attachment":[{"href":"https:\/\/climatlegal.com\/fr\/wp-json\/wp\/v2\/media?parent=2844"}],"curies":[{"name":"wp","href":"https:\/\/api.w.org\/{rel}","templated":true}]}}