{"id":43,"date":"2023-05-05T11:28:04","date_gmt":"2023-05-05T15:28:04","guid":{"rendered":"https:\/\/climatlegal.com\/?page_id=43"},"modified":"2024-02-20T19:19:34","modified_gmt":"2024-02-21T00:19:34","slug":"contact","status":"publish","type":"page","link":"https:\/\/climatlegal.com\/fr\/contact\/","title":{"rendered":"Contact"},"content":{"rendered":"<div data-elementor-type=\"wp-page\" data-elementor-id=\"43\" class=\"elementor elementor-43\">\n\t\t\t\t<div class=\"elementor-element elementor-element-5757a21 e-con-full e-flex e-con e-parent\" data-id=\"5757a21\" data-element_type=\"container\" data-settings=\"{&quot;background_background&quot;:&quot;gradient&quot;,&quot;jet_parallax_layout_list&quot;:[]}\">\n\t\t<div class=\"elementor-element elementor-element-b2ffa67 e-con-full e-flex e-con e-child\" data-id=\"b2ffa67\" data-element_type=\"container\" data-settings=\"{&quot;background_background&quot;:&quot;gradient&quot;,&quot;jet_parallax_layout_list&quot;:[]}\">\n\t\t<div class=\"elementor-element elementor-element-fb334c3 e-flex e-con-boxed e-con e-child\" data-id=\"fb334c3\" data-element_type=\"container\" data-settings=\"{&quot;jet_parallax_layout_list&quot;:[]}\">\n\t\t\t\t\t<div class=\"e-con-inner\">\n\t\t<div class=\"elementor-element elementor-element-a1ae78f e-flex e-con-boxed e-con e-child\" data-id=\"a1ae78f\" data-element_type=\"container\" data-settings=\"{&quot;jet_parallax_layout_list&quot;:[]}\">\n\t\t\t\t\t<div class=\"e-con-inner\">\n\t\t\t\t<div class=\"elementor-element elementor-element-5ae0b40 elementor-widget elementor-widget-image\" data-id=\"5ae0b40\" data-element_type=\"widget\" data-widget_type=\"image.default\">\n\t\t\t\t<div class=\"elementor-widget-container\">\n\t\t\t\t\t\t\t\t\t\t\t\t\t\t\t<img decoding=\"async\" width=\"300\" height=\"73\" src=\"https:\/\/climatlegal.com\/wp-content\/uploads\/2023\/12\/Climat_LightPink-300x73.png\" class=\"attachment-medium size-medium wp-image-2649\" alt=\"\" srcset=\"https:\/\/climatlegal.com\/wp-content\/uploads\/2023\/12\/Climat_LightPink-300x73.png 300w, https:\/\/climatlegal.com\/wp-content\/uploads\/2023\/12\/Climat_LightPink-1024x250.png 1024w, https:\/\/climatlegal.com\/wp-content\/uploads\/2023\/12\/Climat_LightPink-768x187.png 768w, https:\/\/climatlegal.com\/wp-content\/uploads\/2023\/12\/Climat_LightPink-1536x375.png 1536w, https:\/\/climatlegal.com\/wp-content\/uploads\/2023\/12\/Climat_LightPink-2048x500.png 2048w, https:\/\/climatlegal.com\/wp-content\/uploads\/2023\/12\/Climat_LightPink-18x4.png 18w\" sizes=\"(max-width: 300px) 100vw, 300px\" \/>\t\t\t\t\t\t\t\t\t\t\t\t\t\t\t<\/div>\n\t\t\t\t<\/div>\n\t\t\t\t<div class=\"elementor-element elementor-element-7e5240e elementor-absolute elementor-hidden-tablet elementor-hidden-mobile elementor-widget elementor-widget-shortcode\" data-id=\"7e5240e\" data-element_type=\"widget\" data-settings=\"{&quot;_position&quot;:&quot;absolute&quot;}\" data-widget_type=\"shortcode.default\">\n\t\t\t\t<div class=\"elementor-widget-container\">\n\t\t\t\t\t\t\t<div class=\"elementor-shortcode\"><div class=\"trp_language_switcher_shortcode\">\n<div class=\"trp-language-switcher trp-language-switcher-container\" data-no-translation>\n    <div class=\"trp-ls-shortcode-current-language\">\n        <a href=\"#\" class=\"trp-ls-shortcode-disabled-language trp-ls-disabled-language\" title=\"English\" onclick=\"event.preventDefault()\">\n\t\t\t EN_CA\t\t<\/a>\n    <\/div>\n    <div class=\"trp-ls-shortcode-language\">\n                    <a href=\"https:\/\/climatlegal.com\/fr\/wp-json\/wp\/v2\/pages\/43\" title=\"English\">\n             EN_CA        <\/a>\n\n        <\/div>\n    <script type=\"application\/javascript\">\n        \/\/ need to have the same with set from JS on both divs. Otherwise it can push stuff around in HTML\n        var trp_ls_shortcodes = document.querySelectorAll('.trp_language_switcher_shortcode .trp-language-switcher');\n        if ( trp_ls_shortcodes.length > 0) {\n            \/\/ get the last language switcher added\n            var trp_el = trp_ls_shortcodes[trp_ls_shortcodes.length - 1];\n\n            var trp_shortcode_language_item = trp_el.querySelector( '.trp-ls-shortcode-language' )\n            \/\/ set width\n            var trp_ls_shortcode_width                                               = trp_shortcode_language_item.offsetWidth + 16;\n            trp_shortcode_language_item.style.width                                  = trp_ls_shortcode_width + 'px';\n            trp_el.querySelector( '.trp-ls-shortcode-current-language' ).style.width = trp_ls_shortcode_width + 'px';\n\n            \/\/ We're putting this on display: none after we have its width.\n            trp_shortcode_language_item.style.display = 'none';\n        }\n    <\/script>\n<\/div>\n<\/div><\/div>\n\t\t\t\t\t\t<\/div>\n\t\t\t\t<\/div>\n\t\t\t\t\t<\/div>\n\t\t\t\t<\/div>\n\t\t\t\t<div class=\"elementor-element elementor-element-e384492 elementor-widget__width-initial elementor-widget elementor-widget-heading\" data-id=\"e384492\" data-element_type=\"widget\" data-widget_type=\"heading.default\">\n\t\t\t\t<div class=\"elementor-widget-container\">\n\t\t\t\t\t<h1 class=\"elementor-heading-title elementor-size-default\">Contactez-nous<\/h1>\t\t\t\t<\/div>\n\t\t\t\t<\/div>\n\t\t\t\t<div class=\"elementor-element elementor-element-f7d6253 jet-nav-align-space-between elementor-widget__width-inherit elementor-hidden-tablet elementor-hidden-mobile elementor-widget elementor-widget-jet-nav-menu\" data-id=\"f7d6253\" data-element_type=\"widget\" data-widget_type=\"jet-nav-menu.default\">\n\t\t\t\t<div class=\"elementor-widget-container\">\n\t\t\t\t\t<nav class=\"jet-nav-wrap m-layout-mobile\"><div class=\"menu-main-menu-en-container\"><div class=\"jet-nav m-layout-mobile jet-nav--horizontal\"><div class=\"menu-item menu-item-type-post_type menu-item-object-page menu-item-home jet-nav__item-214 jet-nav__item\"><a href=\"https:\/\/climatlegal.com\/fr\/\" class=\"menu-item-link menu-item-link-depth-0 menu-item-link-top\"><span class=\"jet-nav-link-text\">Accueil<\/span><\/a><\/div>\n<div class=\"menu-item menu-item-type-post_type menu-item-object-page jet-nav__item-215 jet-nav__item\"><a href=\"https:\/\/climatlegal.com\/fr\/our-services\/\" class=\"menu-item-link menu-item-link-depth-0 menu-item-link-top\"><span class=\"jet-nav-link-text\">Services<\/span><\/a><\/div>\n<div class=\"menu-item menu-item-type-post_type menu-item-object-page jet-nav__item-2852 jet-nav__item\"><a href=\"https:\/\/climatlegal.com\/fr\/elementor-2844\/\" class=\"menu-item-link menu-item-link-depth-0 menu-item-link-top\"><span class=\"jet-nav-link-text\">La bo\u00eete \u00e0 outils<\/span><\/a><\/div>\n<div class=\"menu-item menu-item-type-post_type menu-item-object-page jet-nav__item-191 jet-nav__item\"><a href=\"https:\/\/climatlegal.com\/fr\/our-approach\/\" class=\"menu-item-link menu-item-link-depth-0 menu-item-link-top\"><span class=\"jet-nav-link-text\">\u00c0 propos<\/span><\/a><\/div>\n<div class=\"menu-item menu-item-type-post_type menu-item-object-page jet-nav__item-190 jet-nav__item\"><a href=\"https:\/\/climatlegal.com\/fr\/team\/\" class=\"menu-item-link menu-item-link-depth-0 menu-item-link-top\"><span class=\"jet-nav-link-text\">\u00c9quipe<\/span><\/a><\/div>\n<div class=\"menu-item menu-item-type-post_type menu-item-object-page jet-nav__item-192 jet-nav__item\"><a href=\"https:\/\/climatlegal.com\/fr\/contact\/\" class=\"menu-item-link menu-item-link-depth-0 menu-item-link-top\"><span class=\"jet-nav-link-text\">Contact<\/span><\/a><\/div>\n<\/div><\/div><\/nav>\t\t\t\t<\/div>\n\t\t\t\t<\/div>\n\t\t\t\t\t<\/div>\n\t\t\t\t<\/div>\n\t\t\t\t<\/div>\n\t\t\t\t<\/div>\n\t\t<div class=\"elementor-element elementor-element-298395d e-flex e-con-boxed e-con e-parent\" data-id=\"298395d\" data-element_type=\"container\" data-settings=\"{&quot;jet_parallax_layout_list&quot;:[],&quot;background_background&quot;:&quot;classic&quot;}\">\n\t\t\t\t\t<div class=\"e-con-inner\">\n\t\t<div class=\"elementor-element elementor-element-4f20e45 e-con-full e-flex e-con e-child\" data-id=\"4f20e45\" data-element_type=\"container\" data-settings=\"{&quot;jet_parallax_layout_list&quot;:[]}\">\n\t\t\t\t<div class=\"elementor-element elementor-element-df9ecfe elementor-widget elementor-widget-text-editor\" data-id=\"df9ecfe\" data-element_type=\"widget\" data-widget_type=\"text-editor.default\">\n\t\t\t\t<div class=\"elementor-widget-container\">\n\t\t\t\t\t\t\t\t\t<p>Vous avez un projet ou une demande ?<\/p><p>On vous \u00e9coute<\/p>\t\t\t\t\t\t\t\t<\/div>\n\t\t\t\t<\/div>\n\t\t\t\t<\/div>\n\t\t<div class=\"elementor-element elementor-element-7ea0a6d e-flex e-con-boxed e-con e-child\" data-id=\"7ea0a6d\" data-element_type=\"container\" data-settings=\"{&quot;jet_parallax_layout_list&quot;:[]}\">\n\t\t\t\t\t<div class=\"e-con-inner\">\n\t\t\t\t<div class=\"elementor-element elementor-element-ad62784 elementor-widget elementor-widget-jet-form-builder-form\" data-id=\"ad62784\" data-element_type=\"widget\" data-widget_type=\"jet-form-builder-form.default\">\n\t\t\t\t<div class=\"elementor-widget-container\">\n\t\t\t\t\t<link rel='stylesheet' id='wp-block-library-css' href='https:\/\/climatlegal.com\/wp-includes\/css\/dist\/block-library\/style.min.css?ver=6.9.4' media='all' \/>\n<style id=\"jet-form-builder-1537-inline-css\"><\/style><form  class=\"jet-form-builder layout-column submit-type-ajax\" action=\"https:\/\/climatlegal.com\/fr\/wp-json\/wp\/v2\/pages\/43\/?gL528G=253uHtB695nd&#038;method=reload\" method=\"POST\" data-form-id=\"1537\" data-layout=\"column\" enctype=\"multipart\/form-data\" novalidate=\"null\" ssr_validation_method=\"rest\" data-trp-original-action=\"https:\/\/climatlegal.com\/fr\/wp-json\/wp\/v2\/pages\/43\/?gL528G=253uHtB695nd&amp;method=reload\">\r\n<input type=\"hidden\" name=\"_jfb_current_render_states[]\" value=\"DEFAULT.STATE\" data-jfb-sync \/><input type=\"hidden\" class=\"jet-form-builder__field hidden-field\" name=\"_jet_engine_booking_form_id\" data-field-name=\"_jet_engine_booking_form_id\" value=\"1537\">\n<input type=\"hidden\" class=\"jet-form-builder__field hidden-field\" name=\"_jet_engine_refer\" data-field-name=\"_jet_engine_refer\" value=\"https:\/\/climatlegal.com\/fr\/wp-json\/wp\/v2\/pages\/43\/\">\n<input type=\"hidden\" class=\"jet-form-builder__field hidden-field\" name=\"__queried_post_id\" data-field-name=\"__queried_post_id\" value=\"43\">\n<div  class=\"jet-form-builder-row field-type-text-field\" >\n<div class=\"jet-form-builder__label\">\r\n<div class=\"jet-form-builder__label-text\">Nom <span class=\"jet-form-builder__required\">*<\/span><\/div><\/div><div class=\"jet-form-builder__field-wrap\">\n\t\t\t\t<input required=\"required\" name=\"name\" id=\"name\" type=\"text\" data-field-name=\"name\" class=\"jet-form-builder__field text-field\" data-jfb-sync=\"null\" autocomplete=\"off_zMf7XcNK\">\n\t\t\t\t\t<\/div>\n<\/div>\n\n\n<div class=\"wp-block-columns is-layout-flex wp-container-core-columns-is-layout-28f84493 wp-block-columns-is-layout-flex\">\n<div class=\"wp-block-column is-layout-flow wp-block-column-is-layout-flow\"><div  class=\"jet-form-builder-row field-type-text-field\" >\n<div class=\"jet-form-builder__label\">\r\n<div class=\"jet-form-builder__label-text\">Email <span class=\"jet-form-builder__required\">*<\/span><\/div><\/div><div class=\"jet-form-builder__field-wrap\">\n\t\t\t\t<input required=\"required\" name=\"email\" id=\"email\" type=\"email\" data-field-name=\"email\" class=\"jet-form-builder__field text-field\" data-jfb-sync=\"null\" autocomplete=\"off_TBlpLtXm\">\n\t\t\t\t\t<\/div>\n<\/div><\/div>\n\n\n\n<div class=\"wp-block-column is-layout-flow wp-block-column-is-layout-flow\"><div  class=\"jet-form-builder-row field-type-text-field\" >\n<div class=\"jet-form-builder__label\">\r\n<div class=\"jet-form-builder__label-text\">T\u00e9l\u00e9phone <span class=\"jet-form-builder__required\">*<\/span><\/div><\/div><div class=\"jet-form-builder__field-wrap\">\n\t\t\t\t<input required=\"required\" name=\"phone\" id=\"phone\" type=\"tel\" data-field-name=\"phone\" class=\"jet-form-builder__field text-field jet-form-builder__masked-field\" data-jfb-sync=\"null\" autocomplete=\"off_JRZOoUyt\" data-inputmask=\"&#039;mask&#039;: &#039;(999)999-9999&#039;\" data-inputmask-placeholder=\"_\" data-inputmask-clearmaskonlostfocus=\"false\">\n\t\t\t\t\t<\/div>\n<\/div><\/div>\n<\/div>\n\n\n<div  class=\"jet-form-builder-row field-type-radio-field wp-block-jet-forms-radio-field\">\n<div class=\"jet-form-builder__label\">\r\n<div class=\"jet-form-builder__label-text\">M\u00e9thode de communication pr\u00e9f\u00e9r\u00e9e <span class=\"jet-form-builder__required\">*<\/span><\/div><\/div><div class=\"jet-form-builder__fields-group checkradio-wrap\" data-jfb-sync><div class=\"jet-form-builder__field-wrap radio-wrap checkradio-wrap\"><label class=\"jet-form-builder__field-label for-radio\">\n<input type=\"radio\" name=\"preferred-method-of-communication\" value=\"email\" data-field-name=\"preferred-method-of-communication\"  class=\"jet-form-builder__field radio-field checkradio-field\" required=\"required\"><span>Email<\/span><\/label><\/div><div class=\"jet-form-builder__field-wrap radio-wrap checkradio-wrap\"><label class=\"jet-form-builder__field-label for-radio\">\n<input type=\"radio\" name=\"preferred-method-of-communication\" value=\"phone\" data-field-name=\"preferred-method-of-communication\"  class=\"jet-form-builder__field radio-field checkradio-field\" required=\"required\"><span>T\u00e9l\u00e9phone<\/span><\/label><\/div><\/div>\n<\/div>\n\n<div  class=\"jet-form-builder-row field-type-textarea-field\" >\n<div class=\"jet-form-builder__label\">\r\n<div class=\"jet-form-builder__label-text\">Message <span class=\"jet-form-builder__required\">*<\/span><\/div><\/div><div class=\"jet-form-builder__field-wrap\">\n\t\t<textarea class=\"jet-form-builder__field textarea-field\" required=\"required\" name=\"message\" data-field-name=\"message\" id=\"message\" data-jfb-sync=\"null\"><\/textarea>\n\t<\/div><div class=\"jet-form-builder__desc\"><small>* Required Field<\/small><\/div>\n<\/div>\n\n<div  class=\"jet-form-builder-row field-type-media-field\" >\n<template class=\"jet-form-builder__preview-template\"><div class=\"jet-form-builder-file-upload__file\" data-file=\"%file_url%\">\n\t<!-- preview -->\n\t<!-- field -->\n\t<div class=\"jet-form-builder-file-upload__file-remove\" data-file-name=\"%file_name%\">\n\t\t<svg width=\"22\" height=\"22\" viewbox=\"0 0 14 15\" fill=\"none\" xmlns=\"http:\/\/www.w3.org\/2000\/svg\">\n\t\t\t<path d=\"M4.375 7H6.125V12.25H4.375V7ZM7.875 7H9.625V12.25H7.875V7ZM10.5 1.75C10.5 1.51302 10.4134 1.30794 10.2402 1.13477C10.0762 0.961589 9.87109 0.875 9.625 0.875H4.375C4.12891 0.875 3.91927 0.961589 3.74609 1.13477C3.58203 1.30794 3.5 1.51302 3.5 1.75V3.5H0V5.25H0.875V14C0.875 14.237 0.957031 14.4421 1.12109 14.6152C1.29427 14.7884 1.50391 14.875 1.75 14.875H12.25C12.4961 14.875 12.7012 14.7884 12.8652 14.6152C13.0384 14.4421 13.125 14.237 13.125 14V5.25H14V3.5H10.5V1.75ZM5.25 2.625H8.75V3.5H5.25V2.625ZM11.375 5.25V13.125H2.625V5.25H11.375Z\"><\/path>\n\t\t<\/svg>\n\t<\/div>\n\t<span\n\t\t\tclass=\"jet-form-builder-file-upload__file-invalid-marker\"\n\t\t\tstyle=\"display: none\">\n\t\t<svg xmlns=\"http:\/\/www.w3.org\/2000\/svg\" viewbox=\"0 0 20 20\" fill=\"currentcolor\" width=\"24\" height=\"24\" aria-hidden=\"true\" focusable=\"false\"><path d=\"M10 2c4.42 0 8 3.58 8 8s-3.58 8-8 8-8-3.58-8-8 3.58-8 8-8zm1.13 9.38l.35-6.46H8.52l.35 6.46h2.26zm-.09 3.36c.24-.23.37-.55.37-.96 0-.42-.12-.74-.36-.97s-.59-.35-1.06-.35-.82.12-1.07.35-.37.55-.37.97c0 .41.13.73.38.96.26.23.61.34 1.06.34s.8-.11 1.05-.34z\"><\/path><\/svg>\n\t<\/span>\n\t<!-- footer -->\n<\/div>\n<\/template><div class=\"jet-form-builder__field-wrap jet-form-builder-file-upload\">\n\t\t<div class=\"jet-form-builder-file-upload__content\">\n\t\t<div class=\"jet-form-builder-file-upload__loader\"><svg xmlns=\"http:\/\/www.w3.org\/2000\/svg\" width=\"38\" height=\"38\" viewbox=\"0 0 38 38\" stroke=\"#fff\"><g fill=\"none\" fill-rule=\"evenodd\"><g transform=\"translate(1 1)\" stroke-width=\"2\"><circle stroke-opacity=\".5\" cx=\"18\" cy=\"18\" r=\"18\"\/><path d=\"M36 18c0-9.94-8.06-18-18-18\" transform=\"rotate(137.826 18 18)\"><animatetransform attributename=\"transform\" type=\"rotate\" from=\"0 18 18\" to=\"360 18 18\" dur=\"1s\" repeatcount=\"indefinite\"\/><\/path><\/g><\/g><\/svg><\/div>\t\t<div class=\"jet-form-builder-file-upload__files\" data-args=\"{&quot;max_files&quot;:1,&quot;max_size&quot;:5242880}\">\n\t\t\t\t\t<\/div>\n\t<\/div>\n\t<div class=\"jet-form-builder-file-upload__fields\">\n\t\t<input class=\"jet-form-builder__field file-field jet-form-builder-file-upload__input\" name=\"upload_file\" data-field-name=\"upload_file\" type=\"file\" data-form_id=\"1537\" id=\"upload_file\" data-jfb-sync=\"null\" data-max_size=\"5242880\">\n\t<\/div>\n\t<div class=\"jet-form-builder-file-upload__message\"><small>Maximum file size: 5 Mo<\/small><\/div>\n\t<div class=\"jet-form-builder-file-upload__errors is-hidden\"><\/div>\n\t<\/div>\n<\/div>\n\n\n\n\n\n<div  class=\"jet-form-builder-row field-type-submit-field\" >\n\t<div data-type=\"submit\" class=\"jet-form-builder__action-button-wrapper jet-form-builder__submit-wrap\">\n\t<button class=\"jet-form-builder__action-button jet-form-builder__submit submit-type-ajax\" type=\"submit\">Soumettre<\/button>\n\t<\/div>\n\t\n<\/div>\t<div class=\"jet-form-builder-messages-wrap\" data-form-id=\"1537\"><\/div>\n<input type=\"hidden\" name=\"trp-form-language\" value=\"fr\"\/><\/form>\n\t\t\t\t<\/div>\n\t\t\t\t<\/div>\n\t\t\t\t\t<\/div>\n\t\t\t\t<\/div>\n\t\t\t\t\t<\/div>\n\t\t\t\t<\/div>\n\t\t<div class=\"elementor-element elementor-element-cba3781 e-flex e-con-boxed e-con e-parent\" data-id=\"cba3781\" data-element_type=\"container\" data-settings=\"{&quot;background_background&quot;:&quot;classic&quot;,&quot;jet_parallax_layout_list&quot;:[]}\">\n\t\t\t\t\t<div class=\"e-con-inner\">\n\t\t<div class=\"elementor-element elementor-element-696dc33 e-con-full e-flex e-con e-child\" data-id=\"696dc33\" data-element_type=\"container\" data-settings=\"{&quot;jet_parallax_layout_list&quot;:[]}\">\n\t\t\t\t<div class=\"elementor-element elementor-element-effaa93 elementor-widget elementor-widget-text-editor\" data-id=\"effaa93\" data-element_type=\"widget\" data-widget_type=\"text-editor.default\">\n\t\t\t\t<div class=\"elementor-widget-container\">\n\t\t\t\t\t\t\t\t\t<p>Bureau<\/p>\t\t\t\t\t\t\t\t<\/div>\n\t\t\t\t<\/div>\n\t\t\t\t<div class=\"elementor-element elementor-element-7a74a5c elementor-widget elementor-widget-text-editor\" data-id=\"7a74a5c\" data-element_type=\"widget\" data-widget_type=\"text-editor.default\">\n\t\t\t\t<div class=\"elementor-widget-container\">\n\t\t\t\t\t\t\t\t\t<p>3500 Rue Saint-Jacques<\/p><p>Montr\u00e9al, Qu\u00e9bec<\/p><p>Canada\u00a0H4C 1H2<\/p>\t\t\t\t\t\t\t\t<\/div>\n\t\t\t\t<\/div>\n\t\t\t\t<\/div>\n\t\t<div class=\"elementor-element elementor-element-d0bf411 e-con-full e-flex e-con e-child\" data-id=\"d0bf411\" data-element_type=\"container\" data-settings=\"{&quot;jet_parallax_layout_list&quot;:[]}\">\n\t\t\t\t<div class=\"elementor-element elementor-element-b0b6de1 elementor-widget elementor-widget-text-editor\" data-id=\"b0b6de1\" data-element_type=\"widget\" data-widget_type=\"text-editor.default\">\n\t\t\t\t<div class=\"elementor-widget-container\">\n\t\t\t\t\t\t\t\t\t<p>Contact<\/p>\t\t\t\t\t\t\t\t<\/div>\n\t\t\t\t<\/div>\n\t\t\t\t<div class=\"elementor-element elementor-element-66701c7 elementor-widget elementor-widget-text-editor\" data-id=\"66701c7\" data-element_type=\"widget\" data-widget_type=\"text-editor.default\">\n\t\t\t\t<div class=\"elementor-widget-container\">\n\t\t\t\t\t\t\t\t\t<p>Tel: +1 438-796-8550<\/p><p>Fax: +1 438-601-3654<\/p><p>\u00a0<\/p><p><span style=\"color: var( --e-global-color-blocksy_palette_8 ); letter-spacing: 0px; background-color: var( --e-global-color-blocksy_palette_3 ); font-style: var(--theme-font-style, inherit); text-transform: var(--theme-text-transform);\">info@climatlegal.com<\/span><\/p>\t\t\t\t\t\t\t\t<\/div>\n\t\t\t\t<\/div>\n\t\t\t\t<\/div>\n\t\t<div class=\"elementor-element elementor-element-3d9dbce e-con-full e-flex e-con e-child\" data-id=\"3d9dbce\" data-element_type=\"container\" data-settings=\"{&quot;jet_parallax_layout_list&quot;:[]}\">\n\t\t\t\t<div class=\"elementor-element elementor-element-fefc43d elementor-widget elementor-widget-google_maps\" data-id=\"fefc43d\" data-element_type=\"widget\" data-widget_type=\"google_maps.default\">\n\t\t\t\t<div class=\"elementor-widget-container\">\n\t\t\t\t\t\t\t<div class=\"elementor-custom-embed\">\n\t\t\t<iframe loading=\"lazy\"\n\t\t\t\t\tsrc=\"https:\/\/maps.google.com\/maps?q=3500%20Rue%20Saint-Jacques%20Montr%C3%A9al%2C%20QC%20H4C%201H2&#038;t=m&#038;z=10&#038;output=embed&#038;iwloc=near\"\n\t\t\t\t\ttitle=\"3500 Rue Saint-Jacques Montr\u00e9al, QC H4C 1H2\"\n\t\t\t\t\taria-label=\"3500 Rue Saint-Jacques Montr\u00e9al, QC H4C 1H2\"\n\t\t\t><\/iframe>\n\t\t<\/div>\n\t\t\t\t\t\t<\/div>\n\t\t\t\t<\/div>\n\t\t\t\t<\/div>\n\t\t\t\t\t<\/div>\n\t\t\t\t<\/div>\n\t\t\t\t<\/div>","protected":false},"excerpt":{"rendered":"<p>Contact Us Home Services About Us Team Contact Have a project or request ? We&#8217;re listening. Name * Email * Phone * Preferred method of communication * Email Phone Message Maximum file size: 5 MB Submit Head Office 3500 Rue Saint-Jacques Montr\u00e9al, Qu\u00e9bec Canada\u00a0H4C 1H2 Contact Tel: +1 438-796-8550 Fax: +1 438-601-3654 \u00a0 info@climatlegal.com<\/p>","protected":false},"author":1,"featured_media":0,"parent":0,"menu_order":0,"comment_status":"closed","ping_status":"closed","template":"elementor_header_footer","meta":{"footnotes":""},"class_list":["post-43","page","type-page","status-publish","hentry"],"blocksy_meta":[],"_links":{"self":[{"href":"https:\/\/climatlegal.com\/fr\/wp-json\/wp\/v2\/pages\/43","targetHints":{"allow":["GET"]}}],"collection":[{"href":"https:\/\/climatlegal.com\/fr\/wp-json\/wp\/v2\/pages"}],"about":[{"href":"https:\/\/climatlegal.com\/fr\/wp-json\/wp\/v2\/types\/page"}],"author":[{"embeddable":true,"href":"https:\/\/climatlegal.com\/fr\/wp-json\/wp\/v2\/users\/1"}],"replies":[{"embeddable":true,"href":"https:\/\/climatlegal.com\/fr\/wp-json\/wp\/v2\/comments?post=43"}],"version-history":[{"count":10,"href":"https:\/\/climatlegal.com\/fr\/wp-json\/wp\/v2\/pages\/43\/revisions"}],"predecessor-version":[{"id":2820,"href":"https:\/\/climatlegal.com\/fr\/wp-json\/wp\/v2\/pages\/43\/revisions\/2820"}],"wp:attachment":[{"href":"https:\/\/climatlegal.com\/fr\/wp-json\/wp\/v2\/media?parent=43"}],"curies":[{"name":"wp","href":"https:\/\/api.w.org\/{rel}","templated":true}]}}